{"id":689,"date":"2023-11-21T16:50:26","date_gmt":"2023-11-21T15:50:26","guid":{"rendered":"https:\/\/www.legrandjardin.net\/locations\/"},"modified":"2025-10-06T16:17:11","modified_gmt":"2025-10-06T14:17:11","slug":"pitches","status":"publish","type":"page","link":"https:\/\/www.legrandjardin.net\/en\/pitches\/","title":{"rendered":"Pitches"},"content":{"rendered":"\n<div class=\"is-layout-flow wp-block-group alignfull diaporama-header GJ-05\">\n<figure class=\"is-layout-flex wp-block-gallery-1 wp-block-gallery has-nested-images columns-default is-cropped fc-auto\">\n<figure class=\"wp-block-image size-full fc-auto\"><img decoding=\"async\" width=\"2560\" height=\"1696\" src=\"https:\/\/www.legrandjardin.net\/wp-content\/uploads\/2023\/11\/DSC_0053-scaled.jpg\" alt=\"\" class=\"wp-image-614\" srcset=\"https:\/\/www.legrandjardin.net\/wp-content\/uploads\/2023\/11\/DSC_0053-scaled.jpg 2560w, https:\/\/www.legrandjardin.net\/wp-content\/uploads\/2023\/11\/DSC_0053-300x199.jpg 300w, https:\/\/www.legrandjardin.net\/wp-content\/uploads\/2023\/11\/DSC_0053-1024x678.jpg 1024w, https:\/\/www.legrandjardin.net\/wp-content\/uploads\/2023\/11\/DSC_0053-768x509.jpg 768w, https:\/\/www.legrandjardin.net\/wp-content\/uploads\/2023\/11\/DSC_0053-1536x1017.jpg 1536w, https:\/\/www.legrandjardin.net\/wp-content\/uploads\/2023\/11\/DSC_0053-2048x1356.jpg 2048w\" sizes=\"(max-width: 2560px) 100vw, 2560px\" title=\"\"><\/figure>\n<\/figure>\n<\/div>\n\n\n\n<div class=\"is-layout-flex wp-container-9 wp-block-columns alignfull GJ-10\">\n<div class=\"is-layout-flow wp-block-column is-vertically-aligned-center\">\n<h1 class=\"has-vert-color has-text-color\">Camping pitches <span class=\"fc-span\">Vend\u00e9e Notre-Dame-de-Monts<\/span><\/h1>\n\n\n\n<ul class=\"pictos\">\n<li><span class=\"fc-icon flower-solid\"><\/span> <span class=\"fc-span\">Grassy<\/span><\/li>\n\n\n\n<li><span class=\"fc-icon arrow-down-to-line-solid\"><\/span> <span class=\"fc-span\">Flat terrain<\/span><\/li>\n\n\n\n<li><span class=\"fc-icon arrows-maximize-solid\"><\/span> <span class=\"fc-span\">Spacious<\/span><\/li>\n\n\n\n<li><span class=\"fc-icon campground-solid\"><\/span> <span class=\"fc-span\">Delimited<\/span><\/li>\n<\/ul>\n\n\n\n<p>Our <a href=\"https:\/\/www.legrandjardin.net\/en\/\" data-type=\"page\" data-id=\"2\">4-star campsite in Notre Dame de Monts<\/a> offers several <strong>pitches for tents, caravans and motorhomes<\/strong> for outdoor <strong>vacations in the Vend\u00e9e<\/strong>.<\/p>\n\n\n\n<div class=\"wp-block-fc-gut-lire-plus fc-mob\"><p class=\"has-text-align-left btn-lire-plus\">Read more<\/p><div class=\"content-lire-plus\">\n<h2 class=\"h4 has-vert-color has-text-color\">Description of your pitch at camping Vend\u00e9e<\/h2>\n\n\n\n<p>Our <strong>Vend\u00e9e campsites<\/strong> are <strong>open from April<\/strong>. With a <strong>surface area of 130 m\u00b2<\/strong>, the pitches are bordered by hedges, ideal for relaxing in complete tranquillity.<\/p>\n\n\n\n<p>Our <strong>spacious, quiet pitches<\/strong> are perfect for your tent, caravan or motorhome. You&#8217;ll also have all the space you need to park a car on your pitch. All plots are equipped with a <strong>16A electrical terminal<\/strong>. Whether you prefer the shade of the trees or the sun, we have the perfect location for you.<\/p>\n\n\n\n<div class=\"wp-block-fc-gut-lire-plus fc-desk\"><p class=\"has-text-align-left btn-lire-plus\">Read more<\/p><div class=\"content-lire-plus\">\n<h2 class=\"h4\">Extras for your pitch<\/h2>\n\n\n\n<p>Do you need additional equipment? The campsite offers you the possibility of adding extras to your pitch in order to improve your comfort on site:<\/p>\n\n\n\n<ul>\n<li>25 m extension lead: \u20ac15 per week<\/li>\n\n\n\n<li>Fridge: \u20ac40 per week<\/li>\n\n\n\n<li>Pets (2 max: \u20ac4 per night)<\/li>\n\n\n\n<li>High chair + cot at \u20ac35\/week<\/li>\n\n\n\n<li>Double set \u20ac16<\/li>\n\n\n\n<li>Simple set \u20ac11<\/li>\n<\/ul>\n<\/div><\/div>\n<\/div><\/div>\n\n\n\n<div class=\"is-layout-flex wp-block-buttons\">\n<div class=\"wp-block-button btn_resa\"><a class=\"wp-block-button__link wp-element-button\"><span class=\"fc-icon calendar-solid\"><\/span>  Availability and booking<\/a><\/div>\n<\/div>\n\n\n\n<div class=\"wp-block-fc-gut-encart fc-information\">\n<p class=\"h3\">Information<\/p>\n\n\n\n<ul class=\"pictos liste\">\n<li><span class=\"fc-icon dog-solid\"><\/span>  Dogs are welcome (on a leash and with up-to-date vaccination certificate, except category 1 and 2).<\/li>\n\n\n\n<li><span class=\"fc-icon wifi-solid\"><\/span>  There is no WIFI on the pitches.<\/li>\n<\/ul>\n<\/div>\n<\/div>\n\n\n\n<div class=\"is-layout-flow wp-block-column\">\n<figure class=\"is-layout-flex wp-block-gallery-6 wp-block-gallery has-nested-images columns-default is-cropped fc-full\">\n<figure class=\"wp-block-image size-full fc-full\"><img decoding=\"async\" width=\"800\" height=\"598\" src=\"https:\/\/www.legrandjardin.net\/wp-content\/uploads\/2025\/10\/Emplacement-Grand-Jardin-1.jpg\" alt=\"\" class=\"wp-image-1599\" srcset=\"https:\/\/www.legrandjardin.net\/wp-content\/uploads\/2025\/10\/Emplacement-Grand-Jardin-1.jpg 800w, https:\/\/www.legrandjardin.net\/wp-content\/uploads\/2025\/10\/Emplacement-Grand-Jardin-1-300x224.jpg 300w, https:\/\/www.legrandjardin.net\/wp-content\/uploads\/2025\/10\/Emplacement-Grand-Jardin-1-768x574.jpg 768w\" sizes=\"(max-width: 800px) 100vw, 800px\" title=\"\"><\/figure>\n<\/figure>\n<\/div>\n<\/div>\n\n\n\n<div class=\"is-layout-constrained wp-block-group alignfull GJ-15 deco--feuille has-bleu-background-color has-background\">\n<h2 class=\"has-text-align-center has-vert-color has-text-color\">Services and equipment<\/h2>\n\n\n\n<p class=\"has-text-align-center has-blanc-color has-text-color\">When you choose a <strong>camping pitch in the Vend\u00e9e<\/strong>, you benefit from all the facilities of our <strong>4-star campsite in the Vend\u00e9e<\/strong>.<\/p>\n\n\n\n<div class=\"wp-block-fc-gut-lire-plus has-blanc-color has-text-color fc-mob\"><p class=\"has-text-align-center btn-lire-plus\">Read more<\/p><div class=\"content-lire-plus\">\n<h3 class=\"has-text-align-center h4 has-vert-color has-text-color\">Heated indoor swimming pool in Vend\u00e9e<\/h3>\n\n\n\n<p class=\"has-text-align-center has-blanc-color has-text-color\">You also have access to our <a href=\"https:\/\/www.legrandjardin.net\/en\/pool\/\" data-type=\"page\" data-id=\"139\">indoor swimming pool, heated<\/a> to <strong>28\u00b0C<\/strong>. Your children can have fun with the water jets and play safely in the paddling pool. You can relax by the pool in the solarium area with its deckchairs.<\/p>\n<\/div><\/div>\n\n\n\n<ul class=\"pictos has-blanc-color has-text-color\">\n<li><span class=\"fc-icon water-ladder-solid\"><\/span> <span class=\"fc-span\">The pool is open<\/span> from April to September (weather permitting).<\/li>\n\n\n\n<li><span class=\"fc-icon toilet-solid\"><\/span> <span class=\"fc-span\">Nearby sanitary facilities<\/span> with showers, toilets, laundry and dishwashing bins<\/li>\n<\/ul>\n\n\n\n<figure class=\"is-layout-flex wp-block-gallery-10 wp-block-gallery has-nested-images columns-default is-cropped fc-auto\">\n<figure class=\"wp-block-image size-full fc-auto\"><img decoding=\"async\" width=\"2560\" height=\"1696\" src=\"https:\/\/www.legrandjardin.net\/wp-content\/uploads\/2023\/11\/Emplacement-Camping-4-etoiles-Vendee-scaled.jpg\" alt=\"\" class=\"wp-image-616\" srcset=\"https:\/\/www.legrandjardin.net\/wp-content\/uploads\/2023\/11\/Emplacement-Camping-4-etoiles-Vendee-scaled.jpg 2560w, https:\/\/www.legrandjardin.net\/wp-content\/uploads\/2023\/11\/Emplacement-Camping-4-etoiles-Vendee-300x199.jpg 300w, https:\/\/www.legrandjardin.net\/wp-content\/uploads\/2023\/11\/Emplacement-Camping-4-etoiles-Vendee-1024x678.jpg 1024w, https:\/\/www.legrandjardin.net\/wp-content\/uploads\/2023\/11\/Emplacement-Camping-4-etoiles-Vendee-768x509.jpg 768w, https:\/\/www.legrandjardin.net\/wp-content\/uploads\/2023\/11\/Emplacement-Camping-4-etoiles-Vendee-1536x1017.jpg 1536w, https:\/\/www.legrandjardin.net\/wp-content\/uploads\/2023\/11\/Emplacement-Camping-4-etoiles-Vendee-2048x1356.jpg 2048w\" sizes=\"(max-width: 2560px) 100vw, 2560px\" title=\"\"><\/figure>\n\n\n\n<figure class=\"wp-block-image size-full fc-auto\"><img decoding=\"async\" width=\"2560\" height=\"1920\" src=\"https:\/\/www.legrandjardin.net\/wp-content\/uploads\/2023\/11\/158-scaled.jpg\" alt=\"\" class=\"wp-image-620\" srcset=\"https:\/\/www.legrandjardin.net\/wp-content\/uploads\/2023\/11\/158-scaled.jpg 2560w, https:\/\/www.legrandjardin.net\/wp-content\/uploads\/2023\/11\/158-300x225.jpg 300w, https:\/\/www.legrandjardin.net\/wp-content\/uploads\/2023\/11\/158-1024x768.jpg 1024w, https:\/\/www.legrandjardin.net\/wp-content\/uploads\/2023\/11\/158-768x576.jpg 768w, https:\/\/www.legrandjardin.net\/wp-content\/uploads\/2023\/11\/158-1536x1152.jpg 1536w, https:\/\/www.legrandjardin.net\/wp-content\/uploads\/2023\/11\/158-2048x1536.jpg 2048w\" sizes=\"(max-width: 2560px) 100vw, 2560px\" title=\"\"><\/figure>\n<\/figure>\n<\/div>\n\n\n\n<div class=\"is-layout-flex wp-container-18 wp-block-columns alignfull GJ-10 GJ-10-b deco--feuille reverse-mob\">\n<div class=\"is-layout-flow wp-block-column\">\n<figure class=\"is-layout-flex wp-block-gallery-13 wp-block-gallery has-nested-images columns-default is-cropped fc-full\">\n<figure class=\"wp-block-image size-full fc-full\"><img decoding=\"async\" width=\"1600\" height=\"1200\" src=\"https:\/\/www.legrandjardin.net\/wp-content\/uploads\/2023\/11\/CREVETTE-DEBUT-AOUT.jpg\" alt=\"\" class=\"wp-image-558\" srcset=\"https:\/\/www.legrandjardin.net\/wp-content\/uploads\/2023\/11\/CREVETTE-DEBUT-AOUT.jpg 1600w, https:\/\/www.legrandjardin.net\/wp-content\/uploads\/2023\/11\/CREVETTE-DEBUT-AOUT-300x225.jpg 300w, https:\/\/www.legrandjardin.net\/wp-content\/uploads\/2023\/11\/CREVETTE-DEBUT-AOUT-1024x768.jpg 1024w, https:\/\/www.legrandjardin.net\/wp-content\/uploads\/2023\/11\/CREVETTE-DEBUT-AOUT-768x576.jpg 768w, https:\/\/www.legrandjardin.net\/wp-content\/uploads\/2023\/11\/CREVETTE-DEBUT-AOUT-1536x1152.jpg 1536w\" sizes=\"(max-width: 1600px) 100vw, 1600px\" title=\"\"><\/figure>\n<\/figure>\n<\/div>\n\n\n\n<div class=\"is-layout-flow wp-block-column is-vertically-aligned-center\">\n<h2 class=\"has-vert-color has-text-color\">Children&#8217;s playground<\/h2>\n\n\n\n<p>Our <a href=\"https:\/\/www.legrandjardin.net\/en\/animations\/\" data-type=\"page\" data-id=\"141\">playground<\/a> is specially designed to provide the youngest members of our family with fun and discovery. With fun, colorful play structures, slides and much more, your children will be spoilt for choice as they blossom and make new friends.<\/p>\n\n\n\n<div class=\"wp-block-fc-gut-lire-plus fc-mob\"><p class=\"has-text-align-left btn-lire-plus\">Read more<\/p><div class=\"content-lire-plus\">\n<p>Under the watchful eye of our qualified entertainers, they can let off steam and create unforgettable memories. We&#8217;ve made our playground a safe and pleasant place where your children can enjoy themselves in complete tranquillity, allowing parents to make the most of their vacation in the Vend\u00e9e.<\/p>\n<\/div><\/div>\n\n\n\n<div class=\"is-layout-flex wp-block-buttons\">\n<div class=\"wp-block-button fc-style-1\"><a class=\"wp-block-button__link wp-element-button\" href=\"https:\/\/www.legrandjardin.net\/en\/animations\/\"><span class=\"fc-icon water-solid\"><\/span>  Discover the animations<\/a><\/div>\n<\/div>\n<\/div>\n<\/div>\n\n\n\n<div class=\"is-layout-flex wp-container-24 wp-block-columns alignfull GJ-10 deco--feuille\">\n<div class=\"is-layout-flow wp-block-column is-vertically-aligned-center\">\n<h2 class=\"has-vert-color has-text-color\">Locations near Vend\u00e9e beaches<\/h2>\n\n\n\n<p>Reach the <a href=\"https:\/\/www.legrandjardin.net\/en\/alentours\/plages-a-notre-dame-de-monts\/\" data-type=\"alentours\" data-id=\"270\">Vend\u00e9e coast<\/a> <strong>less than 2 km from your campsite<\/strong> and enjoy a stroll along the embankments of Notre Dame de Monts. Enjoy the quaint caf\u00e9s and restaurants, and admire the breathtaking ocean views.<\/p>\n\n\n\n<div class=\"wp-block-fc-gut-lire-plus fc-mob\"><p class=\"has-text-align-left btn-lire-plus\">Read more<\/p><div class=\"content-lire-plus\">\n<p>At Notre-Dame-de-Monts, you&#8217;ll be spoilt for choice with <strong>8 sandy beaches<\/strong> stretching along our magnificent coastline. From the more intimate La Renaudi\u00e8re beach to the livelier central beach, you&#8217;ll be able to enjoy the coast to your heart&#8217;s content.<\/p>\n<\/div><\/div>\n\n\n\n<div class=\"is-layout-flex wp-block-buttons\">\n<div class=\"wp-block-button fc-style-1\"><a class=\"wp-block-button__link wp-element-button\" href=\"https:\/\/www.legrandjardin.net\/en\/rentals\/\"><span class=\"fc-icon house-tree-solid\"><\/span>  View rentals<\/a><\/div>\n<\/div>\n<\/div>\n\n\n\n<div class=\"is-layout-flow wp-block-column\">\n<figure class=\"is-layout-flex wp-block-gallery-21 wp-block-gallery has-nested-images columns-default is-cropped fc-full\">\n<figure class=\"wp-block-image size-full fc-full\"><img decoding=\"async\" width=\"2560\" height=\"1696\" src=\"https:\/\/www.legrandjardin.net\/wp-content\/uploads\/2023\/11\/Peche-matinal-scaled.jpg\" alt=\"\" class=\"wp-image-622\" srcset=\"https:\/\/www.legrandjardin.net\/wp-content\/uploads\/2023\/11\/Peche-matinal-scaled.jpg 2560w, https:\/\/www.legrandjardin.net\/wp-content\/uploads\/2023\/11\/Peche-matinal-300x199.jpg 300w, https:\/\/www.legrandjardin.net\/wp-content\/uploads\/2023\/11\/Peche-matinal-1024x678.jpg 1024w, https:\/\/www.legrandjardin.net\/wp-content\/uploads\/2023\/11\/Peche-matinal-768x509.jpg 768w, https:\/\/www.legrandjardin.net\/wp-content\/uploads\/2023\/11\/Peche-matinal-1536x1017.jpg 1536w, https:\/\/www.legrandjardin.net\/wp-content\/uploads\/2023\/11\/Peche-matinal-2048x1356.jpg 2048w\" sizes=\"(max-width: 2560px) 100vw, 2560px\" title=\"\"><\/figure>\n<\/figure>\n<\/div>\n<\/div>\n","protected":false},"excerpt":{"rendered":"<p>Camping pitches Vend\u00e9e Notre-Dame-de-Monts Our 4-star campsite in Notre Dame de Monts offers several pitches for tents, caravans and motorhomes for outdoor vacations in the Vend\u00e9e. Services and equipment When you choose a camping pitch in the Vend\u00e9e, you benefit from all the facilities of our 4-star campsite in the Vend\u00e9e. Children&#8217;s playground Our playground [&hellip;]<\/p>\n","protected":false},"author":1,"featured_media":0,"parent":0,"menu_order":0,"comment_status":"closed","ping_status":"closed","template":"","meta":[],"acf":[],"_links":{"self":[{"href":"https:\/\/www.legrandjardin.net\/en\/wp-json\/wp\/v2\/pages\/689"}],"collection":[{"href":"https:\/\/www.legrandjardin.net\/en\/wp-json\/wp\/v2\/pages"}],"about":[{"href":"https:\/\/www.legrandjardin.net\/en\/wp-json\/wp\/v2\/types\/page"}],"author":[{"embeddable":true,"href":"https:\/\/www.legrandjardin.net\/en\/wp-json\/wp\/v2\/users\/1"}],"replies":[{"embeddable":true,"href":"https:\/\/www.legrandjardin.net\/en\/wp-json\/wp\/v2\/comments?post=689"}],"version-history":[{"count":6,"href":"https:\/\/www.legrandjardin.net\/en\/wp-json\/wp\/v2\/pages\/689\/revisions"}],"predecessor-version":[{"id":1605,"href":"https:\/\/www.legrandjardin.net\/en\/wp-json\/wp\/v2\/pages\/689\/revisions\/1605"}],"wp:attachment":[{"href":"https:\/\/www.legrandjardin.net\/en\/wp-json\/wp\/v2\/media?parent=689"}],"curies":[{"name":"wp","href":"https:\/\/api.w.org\/{rel}","templated":true}]}}